{"id":1423,"date":"2023-12-12T17:44:12","date_gmt":"2023-12-12T16:44:12","guid":{"rendered":"https:\/\/clinicadebalaguer.com\/especialidades\/escaner-intraoral-3d\/"},"modified":"2023-12-20T10:31:38","modified_gmt":"2023-12-20T09:31:38","slug":"escaner-intraoral-3d","status":"publish","type":"page","link":"https:\/\/clinicadebalaguer.com\/es\/especialidades\/escaner-intraoral-3d\/","title":{"rendered":"Esc\u00e1ner Intraoral 3D"},"content":{"rendered":"<p><div class=\"fusion-fullwidth fullwidth-box fusion-builder-row-1 fusion-flex-container has-pattern-background has-mask-background nonhundred-percent-fullwidth non-hundred-percent-height-scrolling\" style=\"--awb-border-radius-top-left:0px;--awb-border-radius-top-right:0px;--awb-border-radius-bottom-right:0px;--awb-border-radius-bottom-left:0px;--awb-margin-top:60px;--awb-flex-wrap:wrap;\" ><div class=\"fusion-builder-row fusion-row fusion-flex-align-items-center fusion-flex-content-wrap\" style=\"max-width:1248px;margin-left: calc(-4% \/ 2 );margin-right: calc(-4% \/ 2 );\"><div class=\"fusion-layout-column fusion_builder_column fusion-builder-column-0 fusion_builder_column_2_5 2_5 fusion-flex-column\" style=\"--awb-bg-size:cover;--awb-width-large:40%;--awb-margin-top-large:0px;--awb-spacing-right-large:4.8%;--awb-margin-bottom-large:0px;--awb-spacing-left-large:4.8%;--awb-width-medium:40%;--awb-order-medium:0;--awb-spacing-right-medium:4.8%;--awb-spacing-left-medium:4.8%;--awb-width-small:100%;--awb-order-small:0;--awb-spacing-right-small:1.92%;--awb-spacing-left-small:1.92%;\"><div class=\"fusion-column-wrapper fusion-column-has-shadow fusion-flex-justify-content-flex-start fusion-content-layout-column\"><div class=\"fusion-image-element \" style=\"--awb-aspect-ratio: 100 \/ 64;--awb-caption-title-font-family:var(--h2_typography-font-family);--awb-caption-title-font-weight:var(--h2_typography-font-weight);--awb-caption-title-font-style:var(--h2_typography-font-style);--awb-caption-title-size:var(--h2_typography-font-size);--awb-caption-title-transform:var(--h2_typography-text-transform);--awb-caption-title-line-height:var(--h2_typography-line-height);--awb-caption-title-letter-spacing:var(--h2_typography-letter-spacing);\"><span class=\" fusion-imageframe imageframe-none imageframe-1 hover-type-none has-aspect-ratio\"><img decoding=\"async\" width=\"1600\" height=\"760\" title=\"Trios Hero copy\" src=\"https:\/\/clinicadebalaguer.com\/wp-content\/uploads\/2023\/12\/Trios-Hero-copy.webp\" data-orig-src=\"https:\/\/clinicadebalaguer.com\/wp-content\/uploads\/2023\/12\/Trios-Hero-copy.webp\" class=\"lazyload img-responsive wp-image-1287 img-with-aspect-ratio\" alt srcset=\"data:image\/svg+xml,%3Csvg%20xmlns%3D%27http%3A%2F%2Fwww.w3.org%2F2000%2Fsvg%27%20width%3D%271600%27%20height%3D%27760%27%20viewBox%3D%270%200%201600%20760%27%3E%3Crect%20width%3D%271600%27%20height%3D%27760%27%20fill-opacity%3D%220%22%2F%3E%3C%2Fsvg%3E\" data-srcset=\"https:\/\/clinicadebalaguer.com\/wp-content\/uploads\/2023\/12\/Trios-Hero-copy-200x95.webp 200w, https:\/\/clinicadebalaguer.com\/wp-content\/uploads\/2023\/12\/Trios-Hero-copy-300x143.webp 300w, https:\/\/clinicadebalaguer.com\/wp-content\/uploads\/2023\/12\/Trios-Hero-copy-400x190.webp 400w, https:\/\/clinicadebalaguer.com\/wp-content\/uploads\/2023\/12\/Trios-Hero-copy-600x285.webp 600w, https:\/\/clinicadebalaguer.com\/wp-content\/uploads\/2023\/12\/Trios-Hero-copy-768x365.webp 768w, https:\/\/clinicadebalaguer.com\/wp-content\/uploads\/2023\/12\/Trios-Hero-copy-800x380.webp 800w, https:\/\/clinicadebalaguer.com\/wp-content\/uploads\/2023\/12\/Trios-Hero-copy-1024x486.webp 1024w, https:\/\/clinicadebalaguer.com\/wp-content\/uploads\/2023\/12\/Trios-Hero-copy-1200x570.webp 1200w, https:\/\/clinicadebalaguer.com\/wp-content\/uploads\/2023\/12\/Trios-Hero-copy-1536x730.webp 1536w, https:\/\/clinicadebalaguer.com\/wp-content\/uploads\/2023\/12\/Trios-Hero-copy.webp 1600w\" data-sizes=\"auto\" data-orig-sizes=\"(max-width: 640px) 100vw, 600px\" \/><\/span><\/div><div class=\"fusion-separator\" style=\"align-self: center;margin-left: auto;margin-right: auto;width:100%;max-width:0px;\"><div class=\"fusion-separator-border sep-double\" style=\"--awb-height:20px;--awb-amount:20px;border-color:hsla(var(--awb-color5-h),var(--awb-color5-s),var(--awb-color5-l),calc( var(--awb-color5-a) - 97% ));border-top-width:16px;border-bottom-width:16px;\"><\/div><\/div><div class=\"fusion-video fusion-youtube\" style=\"--awb-max-width:600px;--awb-max-height:360px;\"><div class=\"video-shortcode\"><div class=\"fluid-width-video-wrapper\" style=\"padding-top:60%;\" ><iframe title=\"YouTube video player 1\" src=\"https:\/\/www.youtube.com\/embed\/C5jKnxEyrbU?wmode=transparent&autoplay=0\" width=\"600\" height=\"360\" allowfullscreen allow=\"autoplay; fullscreen\"><\/iframe><\/div><\/div><\/div><\/div><\/div><div class=\"fusion-layout-column fusion_builder_column fusion-builder-column-1 fusion_builder_column_3_5 3_5 fusion-flex-column\" style=\"--awb-bg-size:cover;--awb-width-large:60%;--awb-margin-top-large:0px;--awb-spacing-right-large:3.2%;--awb-margin-bottom-large:20px;--awb-spacing-left-large:3.2%;--awb-width-medium:60%;--awb-order-medium:0;--awb-spacing-right-medium:3.2%;--awb-spacing-left-medium:3.2%;--awb-width-small:100%;--awb-order-small:0;--awb-spacing-right-small:1.92%;--awb-spacing-left-small:1.92%;\"><div class=\"fusion-column-wrapper fusion-column-has-shadow fusion-flex-justify-content-flex-start fusion-content-layout-column\"><div class=\"fusion-text fusion-text-1\"><p>En Cl\u00ednica Dental Balaguer y Cl\u00ednica Dental Urgell contamos con la tecnolog\u00eda del esc\u00e1ner intraoral TRIOS 3Shape. Una de las vanguardias odontol\u00f3gicas del sector dental. La influencia de las innovaciones tecnol\u00f3gicas en la odontolog\u00eda ha dado lugar a que incorporemos como herramienta de diagn\u00f3stico y registro de medidas el Esc\u00e1ner Intraoral.<\/p>\n<p><strong>Im\u00e1genes completas de la boca en 3D con TRIOS 3Shape<\/strong><br \/>Con el esc\u00e1ner intraoral TRIOS 3Shape se obtiene en apenas un minuto un esc\u00e1ner completo de la boca sin tener que utilizar las inc\u00f3modas siliconas o cubetas tradicionales. Sin duda un gran ahorro de tiempo tanto para el paciente como para los doctores y que adem\u00e1s ofrece una gran cantidad de opciones. Los registros digitales son mucho m\u00e1s precisos para fabricar a partir de ah\u00ed los alineadores de la ortodoncia invisible. De esta forma cuando le llegan al paciente est\u00e1n adaptados milim\u00e9tricamente.<\/p>\n<p>Otra de las ventajas es que, con sus im\u00e1genes en 3D, el propio paciente puede ver a la perfecci\u00f3n sus problemas dentales al tiempo que se les explica su m\u00e9dico. Para el ortodoncista tambi\u00e9n es una tecnolog\u00eda de gran ayuda ya que le permite realizar modelos en 3D de los movimientos dentales que planifica para el paciente y mostrarle el objetivo final.<\/p>\n<p>Por tanto desde el minuto uno el paciente no s\u00f3lo se aprecia mejor qu\u00e9 problemas bucales tiene, sino que tambi\u00e9n visualiza c\u00f3mo quedar\u00e1 su boca despu\u00e9s de finalizar el tratamiento, lo que sin duda motiva enormemente. L&#8217;experi\u00e8ncia tant de l&#8217;pacient com de el doctor millora notablement.<\/p>\n<\/div><div ><a class=\"fusion-button button-flat button-large button-default fusion-button-default button-1 fusion-button-default-span fusion-button-default-type\" target=\"_self\" href=\"https:\/\/clinicadebalaguer.com\/es\/contacto\/\"><span class=\"fusion-button-text\">Cont\u00e1ctanos<\/span><\/a><\/div><\/div><\/div><\/div><\/div><div class=\"fusion-fullwidth fullwidth-box fusion-builder-row-2 fusion-flex-container nonhundred-percent-fullwidth non-hundred-percent-height-scrolling\" style=\"--awb-border-radius-top-left:0px;--awb-border-radius-top-right:0px;--awb-border-radius-bottom-right:0px;--awb-border-radius-bottom-left:0px;--awb-padding-top:60px;--awb-padding-bottom:60px;--awb-margin-top:60px;--awb-background-color:var(--awb-color5);--awb-background-image:linear-gradient(105deg, var(--awb-color6) 12%,rgba(255,255,255,0) 77%);--awb-flex-wrap:wrap;\" ><div class=\"fusion-builder-row fusion-row fusion-flex-align-items-center fusion-flex-justify-content-center fusion-flex-content-wrap\" style=\"max-width:1248px;margin-left: calc(-4% \/ 2 );margin-right: calc(-4% \/ 2 );\"><div class=\"fusion-layout-column fusion_builder_column fusion-builder-column-2 fusion-flex-column fusion-animated\" style=\"--awb-bg-size:cover;--awb-width-large:15%;--awb-margin-top-large:0px;--awb-spacing-right-large:12.8%;--awb-margin-bottom-large:0px;--awb-spacing-left-large:12.8%;--awb-width-medium:100%;--awb-order-medium:0;--awb-spacing-right-medium:1.92%;--awb-spacing-left-medium:1.92%;--awb-width-small:100%;--awb-order-small:0;--awb-spacing-right-small:1.92%;--awb-spacing-left-small:1.92%;\" data-animationType=\"fadeInUp\" data-animationDuration=\"1.0\" data-animationOffset=\"top-into-view\"><div class=\"fusion-column-wrapper fusion-column-has-shadow fusion-flex-justify-content-flex-start fusion-content-layout-column\"><div class=\"fusion-image-element md-text-align-center sm-text-align-center\" style=\"--awb-max-width:140px;--awb-caption-title-font-family:var(--h2_typography-font-family);--awb-caption-title-font-weight:var(--h2_typography-font-weight);--awb-caption-title-font-style:var(--h2_typography-font-style);--awb-caption-title-size:var(--h2_typography-font-size);--awb-caption-title-transform:var(--h2_typography-text-transform);--awb-caption-title-line-height:var(--h2_typography-line-height);--awb-caption-title-letter-spacing:var(--h2_typography-letter-spacing);\"><span class=\" fusion-imageframe imageframe-none imageframe-2 hover-type-none\"><img decoding=\"async\" width=\"512\" height=\"512\" title=\"Estetica_Dental_Clinica_Dental_Balaguer\" src=\"https:\/\/clinicadebalaguer.com\/wp-content\/uploads\/2023\/11\/Estetica_Dental_Clinica_Dental_Balaguer.png\" data-orig-src=\"https:\/\/clinicadebalaguer.com\/wp-content\/uploads\/2023\/11\/Estetica_Dental_Clinica_Dental_Balaguer.png\" alt class=\"lazyload img-responsive wp-image-1133\" srcset=\"data:image\/svg+xml,%3Csvg%20xmlns%3D%27http%3A%2F%2Fwww.w3.org%2F2000%2Fsvg%27%20width%3D%27512%27%20height%3D%27512%27%20viewBox%3D%270%200%20512%20512%27%3E%3Crect%20width%3D%27512%27%20height%3D%27512%27%20fill-opacity%3D%220%22%2F%3E%3C%2Fsvg%3E\" data-srcset=\"https:\/\/clinicadebalaguer.com\/wp-content\/uploads\/2023\/11\/Estetica_Dental_Clinica_Dental_Balaguer-200x200.png 200w, https:\/\/clinicadebalaguer.com\/wp-content\/uploads\/2023\/11\/Estetica_Dental_Clinica_Dental_Balaguer-400x400.png 400w, https:\/\/clinicadebalaguer.com\/wp-content\/uploads\/2023\/11\/Estetica_Dental_Clinica_Dental_Balaguer.png 512w\" data-sizes=\"auto\" data-orig-sizes=\"(max-width: 640px) 100vw, 512px\" \/><\/span><\/div><\/div><\/div><div class=\"fusion-layout-column fusion_builder_column fusion-builder-column-3 fusion_builder_column_3_5 3_5 fusion-flex-column fusion-animated\" style=\"--awb-padding-right:134px;--awb-padding-top-medium:39px;--awb-padding-right-medium:0px;--awb-padding-bottom-medium:27px;--awb-bg-size:cover;--awb-width-large:60%;--awb-margin-top-large:0px;--awb-spacing-right-large:3.2%;--awb-margin-bottom-large:0px;--awb-spacing-left-large:3.68%;--awb-width-medium:80%;--awb-order-medium:0;--awb-spacing-right-medium:2.4%;--awb-spacing-left-medium:2.76%;--awb-width-small:100%;--awb-order-small:0;--awb-spacing-right-small:1.92%;--awb-spacing-left-small:1.92%;\" data-animationType=\"fadeInUp\" data-animationDuration=\"1.0\" data-animationOffset=\"top-into-view\"><div class=\"fusion-column-wrapper fusion-column-has-shadow fusion-flex-justify-content-flex-start fusion-content-layout-column\"><div class=\"fusion-title title fusion-title-1 fusion-sep-none fusion-title-text fusion-title-size-two\" style=\"--awb-text-color:var(--awb-color1);--awb-font-size:40px;\"><h2 class=\"fusion-title-heading title-heading-left md-text-align-center sm-text-align-center fusion-responsive-typography-calculated\" style=\"margin:0;font-size:1em;--fontSize:40;line-height:1.16;\">Estem a la teva disposici\u00f3<\/h2><\/div><div class=\"fusion-text fusion-text-2 md-text-align-center sm-text-align-center\" style=\"--awb-text-color:var(--awb-color1);\"><p>Contacta amb nosaltres per qualsevol dubta o consulta i et donarem una atenci\u00f3 personalitzada.<\/p>\n<\/div><\/div><\/div><div class=\"fusion-layout-column fusion_builder_column fusion-builder-column-4 fusion-flex-column fusion-animated\" style=\"--awb-bg-size:cover;--awb-width-large:25%;--awb-margin-top-large:0px;--awb-spacing-right-large:7.68%;--awb-margin-bottom-large:0px;--awb-spacing-left-large:7.68%;--awb-width-medium:100%;--awb-order-medium:0;--awb-spacing-right-medium:1.92%;--awb-spacing-left-medium:1.92%;--awb-width-small:100%;--awb-order-small:0;--awb-spacing-right-small:1.92%;--awb-spacing-left-small:1.92%;\" data-animationType=\"fadeInUp\" data-animationDuration=\"1.0\" data-animationOffset=\"top-into-view\"><div class=\"fusion-column-wrapper fusion-column-has-shadow fusion-flex-justify-content-flex-start fusion-content-layout-column\"><div class=\"md-text-align-center sm-text-align-center\"><a class=\"fusion-button button-flat fusion-button-default-size button-custom fusion-button-default button-2 fusion-button-default-span fusion-button-default-type\" style=\"--button_accent_color:var(--awb-color5);--button_border_color:var(--awb-color5);--button_accent_hover_color:var(--awb-color1);--button_border_hover_color:var(--awb-color1);--button_gradient_top_color:var(--awb-color1);--button_gradient_bottom_color:var(--awb-color1);--button_gradient_top_color_hover:var(--awb-color6);--button_gradient_bottom_color_hover:var(--awb-color6);\" target=\"_self\" href=\"https:\/\/clinicadebalaguer.com\/book-a-consultation\/\"><i class=\"fa-phone-alt fas button-icon-left\" aria-hidden=\"true\"><\/i><span class=\"fusion-button-text\">973 45 14 44<\/span><\/a><\/div><\/div><\/div><\/div><\/div><\/p>\n","protected":false},"excerpt":{"rendered":"","protected":false},"author":1,"featured_media":0,"parent":1417,"menu_order":0,"comment_status":"closed","ping_status":"closed","template":"100-width.php","meta":{"footnotes":""},"class_list":["post-1423","page","type-page","status-publish","hentry"],"yoast_head":"<!-- This site is optimized with the Yoast SEO plugin v21.7 - https:\/\/yoast.com\/wordpress\/plugins\/seo\/ -->\n<title>Esc\u00e1ner Intraoral 3D - Cl\u00ednica Dental Balaguer<\/title>\n<meta name=\"robots\" content=\"noindex, follow, max-snippet:-1, max-image-preview:large, max-video-preview:-1\" \/>\n<meta property=\"og:locale\" content=\"es_ES\" \/>\n<meta property=\"og:type\" content=\"article\" \/>\n<meta property=\"og:title\" content=\"Esc\u00e1ner Intraoral 3D - Cl\u00ednica Dental Balaguer\" \/>\n<meta property=\"og:url\" content=\"https:\/\/clinicadebalaguer.com\/es\/especialidades\/escaner-intraoral-3d\/\" \/>\n<meta property=\"og:site_name\" content=\"Cl\u00ednica Dental Balaguer\" \/>\n<meta property=\"article:modified_time\" content=\"2023-12-20T09:31:38+00:00\" \/>\n<meta name=\"twitter:card\" content=\"summary_large_image\" \/>\n<meta name=\"twitter:label1\" content=\"Tiempo de lectura\" \/>\n\t<meta name=\"twitter:data1\" content=\"11 minutos\" \/>\n<script type=\"application\/ld+json\" class=\"yoast-schema-graph\">{\"@context\":\"https:\/\/schema.org\",\"@graph\":[{\"@type\":\"WebPage\",\"@id\":\"https:\/\/clinicadebalaguer.com\/es\/especialidades\/escaner-intraoral-3d\/\",\"url\":\"https:\/\/clinicadebalaguer.com\/es\/especialidades\/escaner-intraoral-3d\/\",\"name\":\"Esc\u00e1ner Intraoral 3D - Cl\u00ednica Dental Balaguer\",\"isPartOf\":{\"@id\":\"https:\/\/clinicadebalaguer.com\/#website\"},\"datePublished\":\"2023-12-12T16:44:12+00:00\",\"dateModified\":\"2023-12-20T09:31:38+00:00\",\"breadcrumb\":{\"@id\":\"https:\/\/clinicadebalaguer.com\/es\/especialidades\/escaner-intraoral-3d\/#breadcrumb\"},\"inLanguage\":\"es\",\"potentialAction\":[{\"@type\":\"ReadAction\",\"target\":[\"https:\/\/clinicadebalaguer.com\/es\/especialidades\/escaner-intraoral-3d\/\"]}]},{\"@type\":\"BreadcrumbList\",\"@id\":\"https:\/\/clinicadebalaguer.com\/es\/especialidades\/escaner-intraoral-3d\/#breadcrumb\",\"itemListElement\":[{\"@type\":\"ListItem\",\"position\":1,\"name\":\"Portada\",\"item\":\"https:\/\/clinicadebalaguer.com\/es\/inicio\/\"},{\"@type\":\"ListItem\",\"position\":2,\"name\":\"Especialidades\",\"item\":\"https:\/\/clinicadebalaguer.com\/es\/especialidades\/\"},{\"@type\":\"ListItem\",\"position\":3,\"name\":\"Esc\u00e1ner Intraoral 3D\"}]},{\"@type\":\"WebSite\",\"@id\":\"https:\/\/clinicadebalaguer.com\/#website\",\"url\":\"https:\/\/clinicadebalaguer.com\/\",\"name\":\"Cl\u00ednica Dental Balaguer\",\"description\":\"Especialitzats en necessitats odontol\u00f2giques\",\"potentialAction\":[{\"@type\":\"SearchAction\",\"target\":{\"@type\":\"EntryPoint\",\"urlTemplate\":\"https:\/\/clinicadebalaguer.com\/?s={search_term_string}\"},\"query-input\":\"required name=search_term_string\"}],\"inLanguage\":\"es\"}]}<\/script>\n<!-- \/ Yoast SEO plugin. -->","yoast_head_json":{"title":"Esc\u00e1ner Intraoral 3D - Cl\u00ednica Dental Balaguer","robots":{"index":"noindex","follow":"follow","max-snippet":"max-snippet:-1","max-image-preview":"max-image-preview:large","max-video-preview":"max-video-preview:-1"},"og_locale":"es_ES","og_type":"article","og_title":"Esc\u00e1ner Intraoral 3D - Cl\u00ednica Dental Balaguer","og_url":"https:\/\/clinicadebalaguer.com\/es\/especialidades\/escaner-intraoral-3d\/","og_site_name":"Cl\u00ednica Dental Balaguer","article_modified_time":"2023-12-20T09:31:38+00:00","twitter_card":"summary_large_image","twitter_misc":{"Tiempo de lectura":"11 minutos"},"schema":{"@context":"https:\/\/schema.org","@graph":[{"@type":"WebPage","@id":"https:\/\/clinicadebalaguer.com\/es\/especialidades\/escaner-intraoral-3d\/","url":"https:\/\/clinicadebalaguer.com\/es\/especialidades\/escaner-intraoral-3d\/","name":"Esc\u00e1ner Intraoral 3D - Cl\u00ednica Dental Balaguer","isPartOf":{"@id":"https:\/\/clinicadebalaguer.com\/#website"},"datePublished":"2023-12-12T16:44:12+00:00","dateModified":"2023-12-20T09:31:38+00:00","breadcrumb":{"@id":"https:\/\/clinicadebalaguer.com\/es\/especialidades\/escaner-intraoral-3d\/#breadcrumb"},"inLanguage":"es","potentialAction":[{"@type":"ReadAction","target":["https:\/\/clinicadebalaguer.com\/es\/especialidades\/escaner-intraoral-3d\/"]}]},{"@type":"BreadcrumbList","@id":"https:\/\/clinicadebalaguer.com\/es\/especialidades\/escaner-intraoral-3d\/#breadcrumb","itemListElement":[{"@type":"ListItem","position":1,"name":"Portada","item":"https:\/\/clinicadebalaguer.com\/es\/inicio\/"},{"@type":"ListItem","position":2,"name":"Especialidades","item":"https:\/\/clinicadebalaguer.com\/es\/especialidades\/"},{"@type":"ListItem","position":3,"name":"Esc\u00e1ner Intraoral 3D"}]},{"@type":"WebSite","@id":"https:\/\/clinicadebalaguer.com\/#website","url":"https:\/\/clinicadebalaguer.com\/","name":"Cl\u00ednica Dental Balaguer","description":"Especialitzats en necessitats odontol\u00f2giques","potentialAction":[{"@type":"SearchAction","target":{"@type":"EntryPoint","urlTemplate":"https:\/\/clinicadebalaguer.com\/?s={search_term_string}"},"query-input":"required name=search_term_string"}],"inLanguage":"es"}]}},"_links":{"self":[{"href":"https:\/\/clinicadebalaguer.com\/es\/wp-json\/wp\/v2\/pages\/1423","targetHints":{"allow":["GET"]}}],"collection":[{"href":"https:\/\/clinicadebalaguer.com\/es\/wp-json\/wp\/v2\/pages"}],"about":[{"href":"https:\/\/clinicadebalaguer.com\/es\/wp-json\/wp\/v2\/types\/page"}],"author":[{"embeddable":true,"href":"https:\/\/clinicadebalaguer.com\/es\/wp-json\/wp\/v2\/users\/1"}],"replies":[{"embeddable":true,"href":"https:\/\/clinicadebalaguer.com\/es\/wp-json\/wp\/v2\/comments?post=1423"}],"version-history":[{"count":2,"href":"https:\/\/clinicadebalaguer.com\/es\/wp-json\/wp\/v2\/pages\/1423\/revisions"}],"predecessor-version":[{"id":1425,"href":"https:\/\/clinicadebalaguer.com\/es\/wp-json\/wp\/v2\/pages\/1423\/revisions\/1425"}],"up":[{"embeddable":true,"href":"https:\/\/clinicadebalaguer.com\/es\/wp-json\/wp\/v2\/pages\/1417"}],"wp:attachment":[{"href":"https:\/\/clinicadebalaguer.com\/es\/wp-json\/wp\/v2\/media?parent=1423"}],"curies":[{"name":"wp","href":"https:\/\/api.w.org\/{rel}","templated":true}]}}