{"id":1447,"date":"2023-12-19T17:33:05","date_gmt":"2023-12-19T16:33:05","guid":{"rendered":"https:\/\/clinicadebalaguer.com\/especialidades\/protesis\/"},"modified":"2023-12-20T10:46:12","modified_gmt":"2023-12-20T09:46:12","slug":"protesis","status":"publish","type":"page","link":"https:\/\/clinicadebalaguer.com\/es\/especialidades\/protesis\/","title":{"rendered":"Pr\u00f3tesis"},"content":{"rendered":"<p><div class=\"fusion-fullwidth fullwidth-box fusion-builder-row-1 fusion-flex-container has-pattern-background has-mask-background nonhundred-percent-fullwidth non-hundred-percent-height-scrolling\" style=\"--awb-border-radius-top-left:0px;--awb-border-radius-top-right:0px;--awb-border-radius-bottom-right:0px;--awb-border-radius-bottom-left:0px;--awb-margin-top:60px;--awb-flex-wrap:wrap;\" ><div class=\"fusion-builder-row fusion-row fusion-flex-align-items-center fusion-flex-content-wrap\" style=\"max-width:1248px;margin-left: calc(-4% \/ 2 );margin-right: calc(-4% \/ 2 );\"><div class=\"fusion-layout-column fusion_builder_column fusion-builder-column-0 fusion_builder_column_2_5 2_5 fusion-flex-column\" style=\"--awb-bg-size:cover;--awb-width-large:40%;--awb-margin-top-large:0px;--awb-spacing-right-large:4.8%;--awb-margin-bottom-large:20px;--awb-spacing-left-large:4.8%;--awb-width-medium:40%;--awb-order-medium:0;--awb-spacing-right-medium:4.8%;--awb-spacing-left-medium:4.8%;--awb-width-small:100%;--awb-order-small:0;--awb-spacing-right-small:1.92%;--awb-spacing-left-small:1.92%;\"><div class=\"fusion-column-wrapper fusion-column-has-shadow fusion-flex-justify-content-flex-start fusion-content-layout-column\"><div class=\"fusion-image-element \" style=\"--awb-aspect-ratio: 100 \/ 100;--awb-caption-title-font-family:var(--h2_typography-font-family);--awb-caption-title-font-weight:var(--h2_typography-font-weight);--awb-caption-title-font-style:var(--h2_typography-font-style);--awb-caption-title-size:var(--h2_typography-font-size);--awb-caption-title-transform:var(--h2_typography-text-transform);--awb-caption-title-line-height:var(--h2_typography-line-height);--awb-caption-title-letter-spacing:var(--h2_typography-letter-spacing);\"><span class=\" fusion-imageframe imageframe-none imageframe-1 hover-type-none has-aspect-ratio\"><img decoding=\"async\" width=\"1280\" height=\"1920\" title=\"pexels-cottonbro-studio-6502306\" src=\"https:\/\/clinicadebalaguer.com\/wp-content\/uploads\/2023\/12\/pexels-cottonbro-studio-6502306.jpg\" data-orig-src=\"https:\/\/clinicadebalaguer.com\/wp-content\/uploads\/2023\/12\/pexels-cottonbro-studio-6502306.jpg\" class=\"lazyload img-responsive wp-image-1328 img-with-aspect-ratio\" alt srcset=\"data:image\/svg+xml,%3Csvg%20xmlns%3D%27http%3A%2F%2Fwww.w3.org%2F2000%2Fsvg%27%20width%3D%271280%27%20height%3D%271920%27%20viewBox%3D%270%200%201280%201920%27%3E%3Crect%20width%3D%271280%27%20height%3D%271920%27%20fill-opacity%3D%220%22%2F%3E%3C%2Fsvg%3E\" data-srcset=\"https:\/\/clinicadebalaguer.com\/wp-content\/uploads\/2023\/12\/pexels-cottonbro-studio-6502306-200x300.jpg 200w, https:\/\/clinicadebalaguer.com\/wp-content\/uploads\/2023\/12\/pexels-cottonbro-studio-6502306-400x600.jpg 400w, https:\/\/clinicadebalaguer.com\/wp-content\/uploads\/2023\/12\/pexels-cottonbro-studio-6502306-600x900.jpg 600w, https:\/\/clinicadebalaguer.com\/wp-content\/uploads\/2023\/12\/pexels-cottonbro-studio-6502306-800x1200.jpg 800w, https:\/\/clinicadebalaguer.com\/wp-content\/uploads\/2023\/12\/pexels-cottonbro-studio-6502306-1200x1800.jpg 1200w, https:\/\/clinicadebalaguer.com\/wp-content\/uploads\/2023\/12\/pexels-cottonbro-studio-6502306.jpg 1280w\" data-sizes=\"auto\" data-orig-sizes=\"(max-width: 640px) 100vw, 600px\" \/><\/span><\/div><\/div><\/div><div class=\"fusion-layout-column fusion_builder_column fusion-builder-column-1 fusion_builder_column_3_5 3_5 fusion-flex-column\" style=\"--awb-bg-size:cover;--awb-width-large:60%;--awb-margin-top-large:0px;--awb-spacing-right-large:3.2%;--awb-margin-bottom-large:20px;--awb-spacing-left-large:3.2%;--awb-width-medium:60%;--awb-order-medium:0;--awb-spacing-right-medium:3.2%;--awb-spacing-left-medium:3.2%;--awb-width-small:100%;--awb-order-small:0;--awb-spacing-right-small:1.92%;--awb-spacing-left-small:1.92%;\"><div class=\"fusion-column-wrapper fusion-column-has-shadow fusion-flex-justify-content-flex-start fusion-content-layout-column\"><div class=\"fusion-text fusion-text-1\"><p><strong>En Cl\u00ednica Dental Balaguer y Cl\u00ednica Dental Urgell le ofrecemos una amplia gama de opciones de tratamiento prot\u00e9ticos<\/strong> al alcance de todos, asegurando as\u00ed las mejores sonrisas y una salud bucal \u00f3ptima.<\/p>\n<p>La aplicaci\u00f3n de pr\u00f3tesis dentales est\u00e1 relacionada con la est\u00e9tica y la <strong>funcionalidad para masticar<\/strong>, hablar, producir sonidos y proteger la articulaci\u00f3n de la mand\u00edbula.<\/p>\n<p>Podemos usar pr\u00f3tesis dentales a partir de la sustituci\u00f3n de un solo diente, hasta la reconstrucci\u00f3n completa de la dentadura. Nuestros profesionales o<strong>peran a trav\u00e9s del uso de avanzadas t\u00e9cnicas de coronas, puentes y en los casos m\u00e1s factibles de implantes dentales<\/strong> mediante un estudio previo de los tejidos de soporte de los dientes, de las enc\u00edas y del hueso.<\/p>\n<\/div><div ><a class=\"fusion-button button-flat button-large button-default fusion-button-default button-1 fusion-button-default-span fusion-button-default-type\" target=\"_self\" href=\"https:\/\/clinicadebalaguer.com\/es\/contacto\/\"><span class=\"fusion-button-text\">Cont\u00e1ctanos<\/span><\/a><\/div><\/div><\/div><\/div><\/div><div class=\"fusion-fullwidth fullwidth-box fusion-builder-row-2 fusion-flex-container nonhundred-percent-fullwidth non-hundred-percent-height-scrolling\" style=\"--awb-border-radius-top-left:0px;--awb-border-radius-top-right:0px;--awb-border-radius-bottom-right:0px;--awb-border-radius-bottom-left:0px;--awb-padding-top:60px;--awb-padding-bottom:60px;--awb-margin-top:60px;--awb-background-color:var(--awb-color5);--awb-background-image:linear-gradient(105deg, var(--awb-color6) 12%,rgba(255,255,255,0) 77%);--awb-flex-wrap:wrap;\" ><div class=\"fusion-builder-row fusion-row fusion-flex-align-items-center fusion-flex-justify-content-center fusion-flex-content-wrap\" style=\"max-width:1248px;margin-left: calc(-4% \/ 2 );margin-right: calc(-4% \/ 2 );\"><div class=\"fusion-layout-column fusion_builder_column fusion-builder-column-2 fusion-flex-column fusion-animated\" style=\"--awb-bg-size:cover;--awb-width-large:15%;--awb-margin-top-large:0px;--awb-spacing-right-large:12.8%;--awb-margin-bottom-large:0px;--awb-spacing-left-large:12.8%;--awb-width-medium:100%;--awb-order-medium:0;--awb-spacing-right-medium:1.92%;--awb-spacing-left-medium:1.92%;--awb-width-small:100%;--awb-order-small:0;--awb-spacing-right-small:1.92%;--awb-spacing-left-small:1.92%;\" data-animationType=\"fadeInUp\" data-animationDuration=\"1.0\" data-animationOffset=\"top-into-view\"><div class=\"fusion-column-wrapper fusion-column-has-shadow fusion-flex-justify-content-flex-start fusion-content-layout-column\"><div class=\"fusion-image-element md-text-align-center sm-text-align-center\" style=\"--awb-max-width:140px;--awb-caption-title-font-family:var(--h2_typography-font-family);--awb-caption-title-font-weight:var(--h2_typography-font-weight);--awb-caption-title-font-style:var(--h2_typography-font-style);--awb-caption-title-size:var(--h2_typography-font-size);--awb-caption-title-transform:var(--h2_typography-text-transform);--awb-caption-title-line-height:var(--h2_typography-line-height);--awb-caption-title-letter-spacing:var(--h2_typography-letter-spacing);\"><span class=\" fusion-imageframe imageframe-none imageframe-2 hover-type-none\"><img decoding=\"async\" width=\"512\" height=\"512\" title=\"Estetica_Dental_Clinica_Dental_Balaguer\" src=\"https:\/\/clinicadebalaguer.com\/wp-content\/uploads\/2023\/11\/Estetica_Dental_Clinica_Dental_Balaguer.png\" data-orig-src=\"https:\/\/clinicadebalaguer.com\/wp-content\/uploads\/2023\/11\/Estetica_Dental_Clinica_Dental_Balaguer.png\" alt class=\"lazyload img-responsive wp-image-1133\" srcset=\"data:image\/svg+xml,%3Csvg%20xmlns%3D%27http%3A%2F%2Fwww.w3.org%2F2000%2Fsvg%27%20width%3D%27512%27%20height%3D%27512%27%20viewBox%3D%270%200%20512%20512%27%3E%3Crect%20width%3D%27512%27%20height%3D%27512%27%20fill-opacity%3D%220%22%2F%3E%3C%2Fsvg%3E\" data-srcset=\"https:\/\/clinicadebalaguer.com\/wp-content\/uploads\/2023\/11\/Estetica_Dental_Clinica_Dental_Balaguer-200x200.png 200w, https:\/\/clinicadebalaguer.com\/wp-content\/uploads\/2023\/11\/Estetica_Dental_Clinica_Dental_Balaguer-400x400.png 400w, https:\/\/clinicadebalaguer.com\/wp-content\/uploads\/2023\/11\/Estetica_Dental_Clinica_Dental_Balaguer.png 512w\" data-sizes=\"auto\" data-orig-sizes=\"(max-width: 640px) 100vw, 512px\" \/><\/span><\/div><\/div><\/div><div class=\"fusion-layout-column fusion_builder_column fusion-builder-column-3 fusion_builder_column_3_5 3_5 fusion-flex-column fusion-animated\" style=\"--awb-padding-right:134px;--awb-padding-top-medium:39px;--awb-padding-right-medium:0px;--awb-padding-bottom-medium:27px;--awb-bg-size:cover;--awb-width-large:60%;--awb-margin-top-large:0px;--awb-spacing-right-large:3.2%;--awb-margin-bottom-large:0px;--awb-spacing-left-large:3.68%;--awb-width-medium:80%;--awb-order-medium:0;--awb-spacing-right-medium:2.4%;--awb-spacing-left-medium:2.76%;--awb-width-small:100%;--awb-order-small:0;--awb-spacing-right-small:1.92%;--awb-spacing-left-small:1.92%;\" data-animationType=\"fadeInUp\" data-animationDuration=\"1.0\" data-animationOffset=\"top-into-view\"><div class=\"fusion-column-wrapper fusion-column-has-shadow fusion-flex-justify-content-flex-start fusion-content-layout-column\"><div class=\"fusion-title title fusion-title-1 fusion-sep-none fusion-title-text fusion-title-size-two\" style=\"--awb-text-color:var(--awb-color1);--awb-font-size:40px;\"><h2 class=\"fusion-title-heading title-heading-left md-text-align-center sm-text-align-center fusion-responsive-typography-calculated\" style=\"margin:0;font-size:1em;--fontSize:40;line-height:1.16;\">Estem a la teva disposici\u00f3<\/h2><\/div><div class=\"fusion-text fusion-text-2 md-text-align-center sm-text-align-center\" style=\"--awb-text-color:var(--awb-color1);\"><p>Contacta amb nosaltres per qualsevol dubta o consulta i et donarem una atenci\u00f3 personalitzada.<\/p>\n<\/div><\/div><\/div><div class=\"fusion-layout-column fusion_builder_column fusion-builder-column-4 fusion-flex-column fusion-animated\" style=\"--awb-bg-size:cover;--awb-width-large:25%;--awb-margin-top-large:0px;--awb-spacing-right-large:7.68%;--awb-margin-bottom-large:0px;--awb-spacing-left-large:7.68%;--awb-width-medium:100%;--awb-order-medium:0;--awb-spacing-right-medium:1.92%;--awb-spacing-left-medium:1.92%;--awb-width-small:100%;--awb-order-small:0;--awb-spacing-right-small:1.92%;--awb-spacing-left-small:1.92%;\" data-animationType=\"fadeInUp\" data-animationDuration=\"1.0\" data-animationOffset=\"top-into-view\"><div class=\"fusion-column-wrapper fusion-column-has-shadow fusion-flex-justify-content-flex-start fusion-content-layout-column\"><div class=\"md-text-align-center sm-text-align-center\"><a class=\"fusion-button button-flat fusion-button-default-size button-custom fusion-button-default button-2 fusion-button-default-span fusion-button-default-type\" style=\"--button_accent_color:var(--awb-color5);--button_border_color:var(--awb-color5);--button_accent_hover_color:var(--awb-color1);--button_border_hover_color:var(--awb-color1);--button_gradient_top_color:var(--awb-color1);--button_gradient_bottom_color:var(--awb-color1);--button_gradient_top_color_hover:var(--awb-color6);--button_gradient_bottom_color_hover:var(--awb-color6);\" target=\"_self\" href=\"https:\/\/clinicadebalaguer.com\/book-a-consultation\/\"><i class=\"fa-phone-alt fas button-icon-left\" aria-hidden=\"true\"><\/i><span class=\"fusion-button-text\">973 45 14 44<\/span><\/a><\/div><\/div><\/div><\/div><\/div><\/p>\n","protected":false},"excerpt":{"rendered":"","protected":false},"author":1,"featured_media":0,"parent":1417,"menu_order":0,"comment_status":"closed","ping_status":"closed","template":"100-width.php","meta":{"footnotes":""},"class_list":["post-1447","page","type-page","status-publish","hentry"],"yoast_head":"<!-- This site is optimized with the Yoast SEO plugin v21.7 - https:\/\/yoast.com\/wordpress\/plugins\/seo\/ -->\n<title>Pr\u00f3tesis - Cl\u00ednica Dental Balaguer<\/title>\n<meta name=\"robots\" content=\"noindex, follow, max-snippet:-1, max-image-preview:large, max-video-preview:-1\" \/>\n<meta property=\"og:locale\" content=\"es_ES\" \/>\n<meta property=\"og:type\" content=\"article\" \/>\n<meta property=\"og:title\" content=\"Pr\u00f3tesis - Cl\u00ednica Dental Balaguer\" \/>\n<meta property=\"og:url\" content=\"https:\/\/clinicadebalaguer.com\/es\/especialidades\/protesis\/\" \/>\n<meta property=\"og:site_name\" content=\"Cl\u00ednica Dental Balaguer\" \/>\n<meta property=\"article:modified_time\" content=\"2023-12-20T09:46:12+00:00\" \/>\n<meta name=\"twitter:card\" content=\"summary_large_image\" \/>\n<meta name=\"twitter:label1\" content=\"Tiempo de lectura\" \/>\n\t<meta name=\"twitter:data1\" content=\"10 minutos\" \/>\n<script type=\"application\/ld+json\" class=\"yoast-schema-graph\">{\"@context\":\"https:\/\/schema.org\",\"@graph\":[{\"@type\":\"WebPage\",\"@id\":\"https:\/\/clinicadebalaguer.com\/es\/especialidades\/protesis\/\",\"url\":\"https:\/\/clinicadebalaguer.com\/es\/especialidades\/protesis\/\",\"name\":\"Pr\u00f3tesis - Cl\u00ednica Dental Balaguer\",\"isPartOf\":{\"@id\":\"https:\/\/clinicadebalaguer.com\/#website\"},\"datePublished\":\"2023-12-19T16:33:05+00:00\",\"dateModified\":\"2023-12-20T09:46:12+00:00\",\"breadcrumb\":{\"@id\":\"https:\/\/clinicadebalaguer.com\/es\/especialidades\/protesis\/#breadcrumb\"},\"inLanguage\":\"es\",\"potentialAction\":[{\"@type\":\"ReadAction\",\"target\":[\"https:\/\/clinicadebalaguer.com\/es\/especialidades\/protesis\/\"]}]},{\"@type\":\"BreadcrumbList\",\"@id\":\"https:\/\/clinicadebalaguer.com\/es\/especialidades\/protesis\/#breadcrumb\",\"itemListElement\":[{\"@type\":\"ListItem\",\"position\":1,\"name\":\"Portada\",\"item\":\"https:\/\/clinicadebalaguer.com\/es\/inicio\/\"},{\"@type\":\"ListItem\",\"position\":2,\"name\":\"Especialidades\",\"item\":\"https:\/\/clinicadebalaguer.com\/es\/especialidades\/\"},{\"@type\":\"ListItem\",\"position\":3,\"name\":\"Pr\u00f3tesis\"}]},{\"@type\":\"WebSite\",\"@id\":\"https:\/\/clinicadebalaguer.com\/#website\",\"url\":\"https:\/\/clinicadebalaguer.com\/\",\"name\":\"Cl\u00ednica Dental Balaguer\",\"description\":\"Especialitzats en necessitats odontol\u00f2giques\",\"potentialAction\":[{\"@type\":\"SearchAction\",\"target\":{\"@type\":\"EntryPoint\",\"urlTemplate\":\"https:\/\/clinicadebalaguer.com\/?s={search_term_string}\"},\"query-input\":\"required name=search_term_string\"}],\"inLanguage\":\"es\"}]}<\/script>\n<!-- \/ Yoast SEO plugin. -->","yoast_head_json":{"title":"Pr\u00f3tesis - Cl\u00ednica Dental Balaguer","robots":{"index":"noindex","follow":"follow","max-snippet":"max-snippet:-1","max-image-preview":"max-image-preview:large","max-video-preview":"max-video-preview:-1"},"og_locale":"es_ES","og_type":"article","og_title":"Pr\u00f3tesis - Cl\u00ednica Dental Balaguer","og_url":"https:\/\/clinicadebalaguer.com\/es\/especialidades\/protesis\/","og_site_name":"Cl\u00ednica Dental Balaguer","article_modified_time":"2023-12-20T09:46:12+00:00","twitter_card":"summary_large_image","twitter_misc":{"Tiempo de lectura":"10 minutos"},"schema":{"@context":"https:\/\/schema.org","@graph":[{"@type":"WebPage","@id":"https:\/\/clinicadebalaguer.com\/es\/especialidades\/protesis\/","url":"https:\/\/clinicadebalaguer.com\/es\/especialidades\/protesis\/","name":"Pr\u00f3tesis - Cl\u00ednica Dental Balaguer","isPartOf":{"@id":"https:\/\/clinicadebalaguer.com\/#website"},"datePublished":"2023-12-19T16:33:05+00:00","dateModified":"2023-12-20T09:46:12+00:00","breadcrumb":{"@id":"https:\/\/clinicadebalaguer.com\/es\/especialidades\/protesis\/#breadcrumb"},"inLanguage":"es","potentialAction":[{"@type":"ReadAction","target":["https:\/\/clinicadebalaguer.com\/es\/especialidades\/protesis\/"]}]},{"@type":"BreadcrumbList","@id":"https:\/\/clinicadebalaguer.com\/es\/especialidades\/protesis\/#breadcrumb","itemListElement":[{"@type":"ListItem","position":1,"name":"Portada","item":"https:\/\/clinicadebalaguer.com\/es\/inicio\/"},{"@type":"ListItem","position":2,"name":"Especialidades","item":"https:\/\/clinicadebalaguer.com\/es\/especialidades\/"},{"@type":"ListItem","position":3,"name":"Pr\u00f3tesis"}]},{"@type":"WebSite","@id":"https:\/\/clinicadebalaguer.com\/#website","url":"https:\/\/clinicadebalaguer.com\/","name":"Cl\u00ednica Dental Balaguer","description":"Especialitzats en necessitats odontol\u00f2giques","potentialAction":[{"@type":"SearchAction","target":{"@type":"EntryPoint","urlTemplate":"https:\/\/clinicadebalaguer.com\/?s={search_term_string}"},"query-input":"required name=search_term_string"}],"inLanguage":"es"}]}},"_links":{"self":[{"href":"https:\/\/clinicadebalaguer.com\/es\/wp-json\/wp\/v2\/pages\/1447","targetHints":{"allow":["GET"]}}],"collection":[{"href":"https:\/\/clinicadebalaguer.com\/es\/wp-json\/wp\/v2\/pages"}],"about":[{"href":"https:\/\/clinicadebalaguer.com\/es\/wp-json\/wp\/v2\/types\/page"}],"author":[{"embeddable":true,"href":"https:\/\/clinicadebalaguer.com\/es\/wp-json\/wp\/v2\/users\/1"}],"replies":[{"embeddable":true,"href":"https:\/\/clinicadebalaguer.com\/es\/wp-json\/wp\/v2\/comments?post=1447"}],"version-history":[{"count":2,"href":"https:\/\/clinicadebalaguer.com\/es\/wp-json\/wp\/v2\/pages\/1447\/revisions"}],"predecessor-version":[{"id":1449,"href":"https:\/\/clinicadebalaguer.com\/es\/wp-json\/wp\/v2\/pages\/1447\/revisions\/1449"}],"up":[{"embeddable":true,"href":"https:\/\/clinicadebalaguer.com\/es\/wp-json\/wp\/v2\/pages\/1417"}],"wp:attachment":[{"href":"https:\/\/clinicadebalaguer.com\/es\/wp-json\/wp\/v2\/media?parent=1447"}],"curies":[{"name":"wp","href":"https:\/\/api.w.org\/{rel}","templated":true}]}}